{"id":22,"date":"2023-07-29T00:03:11","date_gmt":"2023-07-29T00:03:11","guid":{"rendered":"https:\/\/enairgi.com\/?page_id=22"},"modified":"2024-10-28T22:29:10","modified_gmt":"2024-10-28T22:29:10","slug":"enairgi-hvac-energy-efficiency-engineering-services-2","status":"publish","type":"page","link":"https:\/\/enairgi.com\/fr\/","title":{"rendered":"Enairgi \u2013 Am\u00e9liorez l\u2019efficacit\u00e9 \u00e9nerg\u00e9tique de vos b\u00e2timents commerciaux"},"content":{"rendered":"\n<p><em>Nous offrons des services et solutions \u00e9nerg\u00e9tiques pour les b\u00e2timents commerciaux. <a href=\"https:\/\/enairgi.com\/fr\/contact-us\/\" data-type=\"page\" data-id=\"26\">Contactez-nous<\/a> d\u00e8s aujourd&rsquo;hui pour d\u00e9couvrir comment nous pouvons optimiser votre consommation d&rsquo;\u00e9nergie et r\u00e9duire vos co\u00fbts.<\/em><\/p>\n\n\n\n<p>Tous les outils actuels de mod\u00e9lisation de l\u2019efficacit\u00e9 \u00e9nerg\u00e9tique partagent un d\u00e9faut significatif : ils supposent que l\u2019air dans chaque pi\u00e8ce d\u2019un b\u00e2timent est parfaitement m\u00e9lang\u00e9, ce qui est tr\u00e8s loin de la r\u00e9alit\u00e9. Dans les b\u00e2timents commerciaux, il est courant de constater que plus de 10% de l\u2019\u00e9nergie est gaspill\u00e9e en raison d\u2019un m\u00e9lange d\u2019air inefficace. Par exemple, dans les pi\u00e8ces avec des plafonds hauts, nous observons parfois une surconsommation d\u2019\u00e9nergie pouvant m\u00eame d\u00e9passer 40% en chauffage.<\/p>\n\n\n\n<p>Nous avons d\u00e9velopp\u00e9 des outils avanc\u00e9s qui identifient et corrigent ces probl\u00e8mes, tout en quantifiant pr\u00e9cis\u00e9ment leur impact sur la consommation \u00e9nerg\u00e9tique annuelle et les \u00e9missions de CO2 d\u2019un b\u00e2timent.<\/p>\n\n\n\n<p>Nous offrons nos services aux consultants en d\u00e9carbonisation et efficacit\u00e9 \u00e9nerg\u00e9tique, aux firmes de g\u00e9nie conseil, aux architectes, aux diff\u00e9rents paliers gouvernementaux et aux propri\u00e9taires de b\u00e2timents commerciaux.<\/p>\n\n\n\n<h2 class=\"wp-block-heading\"><strong>Soulager la plan\u00e8te gr\u00e2ce \u00e0 un m\u00e9lange d\u2019air optimis\u00e9<\/strong><\/h2>\n\n\n\n<p>Comprendre et optimiser le mouvement de l\u2019air dans une pi\u00e8ce est un d\u00e9fi complexe. Il y a une infinit\u00e9 de possibilit\u00e9s de configurations de pi\u00e8ces et de facteurs influen\u00e7ant le flux d\u2019air dans celles-ci. Pouvoir pr\u00e9dire pr\u00e9cis\u00e9ment le comportement de l\u2019air est un secret bien gard\u00e9 et qui pourtant nous permet d\u2019am\u00e9liorer consid\u00e9rablement l\u2019efficacit\u00e9 des syst\u00e8mes de chauffage, ventilation et climatisation (CVAC).<\/p>\n\n\n\n<blockquote class=\"wp-block-quote is-layout-flow wp-block-quote-is-layout-flow\">\n<p>Jusqu\u2019\u00e0 tout r\u00e9cemment, les grilles et les diffuseurs ne servaient pratiquement qu\u2019\u00e0 couvrir les ouvertures dans les murs et plafonds tout en dirigeant l\u2019air approximativement dans une certaine direction. Les ing\u00e9nieurs manquaient d\u2019outils sophistiqu\u00e9s afin de pouvoir pr\u00e9dire et mesurer la performance de la distribution d\u2019air lors de la phase de conception. Cependant, la m\u00e9canique des fluides num\u00e9rique (CFD) est en train de r\u00e9volutionner ce domaine. La CFD change tout!<\/p>\n<cite><em>Francois Godbout, President d\u2019EffectiV HVAC Inc. et membre votant du comit\u00e9 technique 4.3 d&rsquo;ASHRAE<\/em><\/cite><\/blockquote>\n\n\n\n<figure class=\"wp-block-image aligncenter size-full\"><img fetchpriority=\"high\" decoding=\"async\" width=\"601\" height=\"429\" src=\"https:\/\/enairgi.com\/wp-content\/uploads\/2024\/04\/Air-Velocity-Streams-2.jpg\" alt=\"\" class=\"wp-image-37\"\/><\/figure>\n\n\n\n<p>Am\u00e9liorer le m\u00e9lange d\u2019air dans une pi\u00e8ce peut r\u00e9duire consid\u00e9rablement la consommation d\u2019\u00e9nergie en diminuant la charge de chauffage ou de refroidissement, ainsi que la quantit\u00e9 d\u2019air ext\u00e9rieur n\u00e9cessaire pour maintenir des environnements int\u00e9rieurs sains.<\/p>\n\n\n\n<p>Gr\u00e2ce aux simulations CFD, nous pouvons d\u00e9sormais d\u00e9terminer quels diffuseurs et configurations seront les plus performants dans des applications sp\u00e9cifiques et quantifier la performance de la distribution d\u2019air lors de la phase de conception.<\/p>\n\n\n\n<h2 class=\"wp-block-heading has-text-align-center\"><strong>Les simulations de m\u00e9canique des fluides num\u00e9rique (CFD) ouvrent les portes d\u2019une toute nouvelle approche de design au potentiel \u00e9norme et encore inexploit\u00e9<\/strong><\/h2>\n\n\n\n<figure class=\"wp-block-image aligncenter size-full\"><img decoding=\"async\" width=\"528\" height=\"439\" src=\"https:\/\/enairgi.com\/wp-content\/uploads\/2024\/04\/image.jpeg\" alt=\"This image has an empty alt attribute; its file name is Ez-Factor-2.jpg\" class=\"wp-image-38\"\/><\/figure>\n\n\n\n<p>En combinant notre expertise en distribution d\u2019air avec la CFD, nous avons collabor\u00e9 avec des universit\u00e9s Canadiennes afin de d\u00e9velopper une proc\u00e9dure unique pour \u00e9valuer et quantifier pr\u00e9cis\u00e9ment l\u2019impact direct de l\u2019am\u00e9lioration du m\u00e9lange d\u2019air sur la consommation d\u2019\u00e9nergie et les \u00e9missions de gaz \u00e0 effet de serre.<\/p>\n\n\n\n<h2 class=\"wp-block-heading\"><strong>Une des mani\u00e8res les plus \u00e9conomiques de r\u00e9duire vos \u00e9missions de GES<\/strong><\/h2>\n\n\n\n<p>Une distribution d\u2019air efficace repr\u00e9sente un chemin vers des gains substantiels d\u2019efficacit\u00e9 \u00e0 un co\u00fbt relativement faible. R\u00e9duire l&rsquo;inefficacit\u00e9 du m\u00e9lange d&rsquo;air est une des solutions offrant le plus faible co\u00fbt par tonne de CO2 r\u00e9duite.<\/p>\n\n\n\n<h2 class=\"wp-block-heading\"><strong>Une solution qui s&rsquo;applique autant aux b\u00e2timents existants qu&rsquo;aux nouvelles constructions<\/strong><\/h2>\n\n\n\n<p>Les diffuseurs d&rsquo;air sont la partie du syst\u00e8me de ventilation la plus facile \u00e0 remplacer dans un b\u00e2timent existant, car ceux-ci sont la seule partie du syst\u00e8me qui est pr\u00e9sente dans la pi\u00e8ce.<\/p>\n\n\n\n<p>La m\u00e9thode d\u00e9velopp\u00e9e s&rsquo;applique autant aux b\u00e2timents existants qu&rsquo;aux nouvelles constructions, et les gains sont consid\u00e9rables dans les deux cas.<\/p>\n\n\n\n<p>Notre approche innovante peut \u00eatre appliqu\u00e9e \u00e0 tous types de b\u00e2timents commerciaux et institutionnels, y compris les bureaux, les \u00e9coles, les installations sportives, centres de congr\u00e8s, mus\u00e9es, a\u00e9roports, \u00e9tablissements de sant\u00e9, magasins de d\u00e9tail et restaurants.<\/p>\n\n\n\n<figure class=\"wp-block-gallery aligncenter has-nested-images columns-default is-cropped wp-block-gallery-1 is-layout-flex wp-block-gallery-is-layout-flex\">\n<figure class=\"wp-block-image size-full\"><img decoding=\"async\" width=\"1000\" height=\"808\" data-id=\"118\" src=\"https:\/\/enairgi.com\/wp-content\/uploads\/2024\/10\/DCG-BMW-Casablanca.jpg\" alt=\"\" class=\"wp-image-118\" srcset=\"https:\/\/enairgi.com\/wp-content\/uploads\/2024\/10\/DCG-BMW-Casablanca.jpg 1000w, https:\/\/enairgi.com\/wp-content\/uploads\/2024\/10\/DCG-BMW-Casablanca-693x560.jpg 693w, https:\/\/enairgi.com\/wp-content\/uploads\/2024\/10\/DCG-BMW-Casablanca-600x485.jpg 600w\" sizes=\"(max-width: 1000px) 100vw, 1000px\" \/><\/figure>\n\n\n\n<figure class=\"wp-block-image size-full\"><img loading=\"lazy\" decoding=\"async\" width=\"1920\" height=\"2560\" data-id=\"125\" src=\"https:\/\/enairgi.com\/wp-content\/uploads\/2024\/10\/AXO-Cafeteria-scaled.jpg\" alt=\"\" class=\"wp-image-125\" srcset=\"https:\/\/enairgi.com\/wp-content\/uploads\/2024\/10\/AXO-Cafeteria-scaled.jpg 1920w, https:\/\/enairgi.com\/wp-content\/uploads\/2024\/10\/AXO-Cafeteria-1152x1536.jpg 1152w, https:\/\/enairgi.com\/wp-content\/uploads\/2024\/10\/AXO-Cafeteria-1536x2048.jpg 1536w, https:\/\/enairgi.com\/wp-content\/uploads\/2024\/10\/AXO-Cafeteria-1000x1334.jpg 1000w, https:\/\/enairgi.com\/wp-content\/uploads\/2024\/10\/AXO-Cafeteria-1800x2400.jpg 1800w, https:\/\/enairgi.com\/wp-content\/uploads\/2024\/10\/AXO-Cafeteria-420x560.jpg 420w, https:\/\/enairgi.com\/wp-content\/uploads\/2024\/10\/AXO-Cafeteria-600x800.jpg 600w\" sizes=\"(max-width: 1920px) 100vw, 1920px\" \/><\/figure>\n\n\n\n<figure class=\"wp-block-image size-full\"><img loading=\"lazy\" decoding=\"async\" width=\"1200\" height=\"900\" data-id=\"127\" src=\"https:\/\/enairgi.com\/wp-content\/uploads\/2024\/10\/KOO-New-Armeco-Office.jpg\" alt=\"\" class=\"wp-image-127\" srcset=\"https:\/\/enairgi.com\/wp-content\/uploads\/2024\/10\/KOO-New-Armeco-Office.jpg 1200w, https:\/\/enairgi.com\/wp-content\/uploads\/2024\/10\/KOO-New-Armeco-Office-1000x750.jpg 1000w, https:\/\/enairgi.com\/wp-content\/uploads\/2024\/10\/KOO-New-Armeco-Office-747x560.jpg 747w, https:\/\/enairgi.com\/wp-content\/uploads\/2024\/10\/KOO-New-Armeco-Office-600x450.jpg 600w\" sizes=\"(max-width: 1200px) 100vw, 1200px\" \/><\/figure>\n\n\n\n<figure class=\"wp-block-image size-full\"><img loading=\"lazy\" decoding=\"async\" width=\"1405\" height=\"800\" data-id=\"124\" src=\"https:\/\/enairgi.com\/wp-content\/uploads\/2024\/10\/NEX-C-Shared-Office-Space.jpg\" alt=\"\" class=\"wp-image-124\" srcset=\"https:\/\/enairgi.com\/wp-content\/uploads\/2024\/10\/NEX-C-Shared-Office-Space.jpg 1405w, https:\/\/enairgi.com\/wp-content\/uploads\/2024\/10\/NEX-C-Shared-Office-Space-1000x569.jpg 1000w, https:\/\/enairgi.com\/wp-content\/uploads\/2024\/10\/NEX-C-Shared-Office-Space-984x560.jpg 984w, https:\/\/enairgi.com\/wp-content\/uploads\/2024\/10\/NEX-C-Shared-Office-Space-600x342.jpg 600w\" sizes=\"(max-width: 1405px) 100vw, 1405px\" \/><\/figure>\n<\/figure>\n\n\n\n<p><\/p>\n\n\n\n<h2 class=\"wp-block-heading\"><strong>\u00c9conomies d&rsquo;\u00e9nergie et r\u00e9duction de GES garanties d&rsquo;au moins 10%<\/strong><\/h2>\n\n\n\n<p>Avant d&rsquo;accepter un contrat, nous utilisons notre expertise pour pr\u00e9qualifier votre b\u00e2timent. Si nous estimons que nous ne pouvons pas r\u00e9duire votre consommation d&rsquo;\u00e9nergie et vos \u00e9missions de CO2 li\u00e9es au CVAC d&rsquo;au moins 10%, nous n&rsquo;accepterons pas le contrat. Avoir un impact r\u00e9el est important pour nous, c&rsquo;est pourquoi nous faisons ce que nous faisons. Notre approche innovante peut permettre d&rsquo;\u00e9conomiser bien plus de 10% dans la plupart des b\u00e2timents, alors pourquoi gaspiller nos ressources et votre argent pour un moindre impact ?<\/p>\n\n\n\n<p>Si nous acceptons le contrat et que notre rapport ne d\u00e9montre pas au moins 10% d&rsquo;\u00e9conomies d&rsquo;\u00e9nergie \u00e0 la fin, nous ne vous facturerons pas. C&rsquo;est le niveau de confiance que nous avons envers nos r\u00e9sultats.<\/p>\n\n\n\n<p>10% est le minimum que vous pouvez esp\u00e9rer. Ce sont en r\u00e9alit\u00e9 des \u00e9conomies bien plus \u00e9lev\u00e9es que nous visons dans chaque b\u00e2timent sur lequel nous travaillons.<\/p>\n\n\n\n<p><\/p>\n\n\n\n<h2 class=\"wp-block-heading\"><strong>Lorsque le bien-\u00eatre s&rsquo;aligne avec la plan\u00e8te<\/strong><\/h2>\n\n\n\n<p>Am\u00e9liorer le m\u00e9lange d&rsquo;air a un impact positif majeur qui va m\u00eame au-del\u00e0 de l&rsquo;environnement. Avec une distribution d&rsquo;air plus efficace, on am\u00e9liore aussi la qualit\u00e9 de l&rsquo;air int\u00e9rieur, tout en r\u00e9duisant les sources d&rsquo;inconfort des employ\u00e9s, \u00e9tudiants, clients et autres occupants.<\/p>\n\n\n\n<figure class=\"wp-block-image aligncenter size-large\"><img loading=\"lazy\" decoding=\"async\" width=\"1024\" height=\"721\" src=\"https:\/\/enairgi.com\/wp-content\/uploads\/2024\/10\/Employee-Well-Being-1024x721.jpg\" alt=\"Improve Employees Well Being with Better Air quality and Thermal Comfort\" class=\"wp-image-139\"\/><\/figure>\n\n\n\n<p><\/p>\n","protected":false},"excerpt":{"rendered":"<p>Nous offrons des services et solutions \u00e9nerg\u00e9tiques pour les b\u00e2timents commerciaux. Contactez-nous d\u00e8s aujourd&rsquo;hui pour d\u00e9couvrir comment nous pouvons optimiser votre consommation d&rsquo;\u00e9nergie et r\u00e9duire vos co\u00fbts. Tous les outils actuels de mod\u00e9lisation de l\u2019efficacit\u00e9 \u00e9nerg\u00e9tique partagent un d\u00e9faut significatif : ils supposent que l\u2019air dans chaque pi\u00e8ce d\u2019un b\u00e2timent [&hellip;]<\/p>\n","protected":false},"author":1,"featured_media":0,"parent":0,"menu_order":0,"comment_status":"closed","ping_status":"closed","template":"","meta":{"footnotes":""},"class_list":["post-22","page","type-page","status-publish","hentry"],"_links":{"self":[{"href":"https:\/\/enairgi.com\/fr\/wp-json\/wp\/v2\/pages\/22","targetHints":{"allow":["GET"]}}],"collection":[{"href":"https:\/\/enairgi.com\/fr\/wp-json\/wp\/v2\/pages"}],"about":[{"href":"https:\/\/enairgi.com\/fr\/wp-json\/wp\/v2\/types\/page"}],"author":[{"embeddable":true,"href":"https:\/\/enairgi.com\/fr\/wp-json\/wp\/v2\/users\/1"}],"replies":[{"embeddable":true,"href":"https:\/\/enairgi.com\/fr\/wp-json\/wp\/v2\/comments?post=22"}],"version-history":[{"count":57,"href":"https:\/\/enairgi.com\/fr\/wp-json\/wp\/v2\/pages\/22\/revisions"}],"predecessor-version":[{"id":193,"href":"https:\/\/enairgi.com\/fr\/wp-json\/wp\/v2\/pages\/22\/revisions\/193"}],"wp:attachment":[{"href":"https:\/\/enairgi.com\/fr\/wp-json\/wp\/v2\/media?parent=22"}],"curies":[{"name":"wp","href":"https:\/\/api.w.org\/{rel}","templated":true}]}}